{"id":147,"date":"2022-11-30T12:24:42","date_gmt":"2022-11-30T12:24:42","guid":{"rendered":"https:\/\/kentatheme.com\/aurora\/?page_id=38"},"modified":"2025-04-17T12:14:18","modified_gmt":"2025-04-17T10:14:18","slug":"home-2","status":"publish","type":"page","link":"https:\/\/stories.laignelet.ovh\/","title":{"rendered":"Home"},"content":{"rendered":"\n<div class=\"wp-block-kenta-blocks-cover alignfull kb-cover-e9f74b4e kb-cover kb-cover-has-overlay\"><div class=\"kb-cover-inner-container\">\n<div class=\"wp-block-kenta-blocks-spacer kb-spacer-de1620cf kb-spacer\" aria-hidden=\"true\"><\/div>\n\n\n\n<div class=\"wp-block-kenta-blocks-section kb-section-6b511efd kb-section\">\n<div class=\"wp-block-kenta-blocks-column kb-column-wrapper kb-column-wrapper-05fb1a03\"><div class=\"kb-column kb-column-05fb1a03\"><div class=\"kb-column-content\">\n<div class=\"wp-block-kenta-blocks-heading kb-heading kb-heading-h1 kb-heading-c6ddcfd0 kenta-scroll-reveal\"><h1 class=\"\">Vos histoires parfum\u00e9es <br>commencent ici<\/h1><\/div>\n<\/div><\/div><\/div>\n<\/div>\n\n\n\n<div class=\"wp-block-kenta-blocks-spacer kb-spacer-09eefadd kb-spacer\" aria-hidden=\"true\"><\/div>\n<\/div><\/div>\n\n\n\n<div class=\"wp-block-kenta-blocks-cover alignfull kb-cover-ae2d57eb kb-cover\"><div class=\"kb-cover-inner-container\">\n<div class=\"wp-block-columns is-layout-flex wp-container-core-columns-is-layout-14ab5927 wp-block-columns-is-layout-flex\" style=\"margin-top:var(--wp--preset--spacing--medium)\">\n<div class=\"wp-block-column is-layout-flow wp-block-column-is-layout-flow\">\n<div class=\"wp-block-buttons alignfull is-content-justification-center is-layout-flex wp-container-core-buttons-is-layout-a89b3969 wp-block-buttons-is-layout-flex\">\n<div class=\"wp-block-button has-custom-width wp-block-button__width-75 center\"><a class=\"wp-block-button__link has-kenta-base-color has-kenta-primary-active-background-color has-text-color has-background has-link-color has-text-align-center has-custom-font-size wp-element-button\" href=\"https:\/\/stories.laignelet.ovh\/index.php\/category\/portraits-parfumes\/\" style=\"border-style:none;border-width:0px;border-radius:10px;font-size:clamp(15.747px, 0.984rem + ((1vw - 3.2px) * 1.006), 24px);\">Portrait<\/a><\/div>\n<\/div>\n<\/div>\n\n\n\n<div class=\"wp-block-column is-layout-flow wp-block-column-is-layout-flow\">\n<div class=\"wp-block-buttons is-content-justification-center is-layout-flex wp-container-core-buttons-is-layout-a89b3969 wp-block-buttons-is-layout-flex\">\n<div class=\"wp-block-button has-custom-width wp-block-button__width-75 center\"><a class=\"wp-block-button__link has-kenta-base-color has-text-color has-background has-link-color has-text-align-center has-custom-font-size wp-element-button\" href=\"https:\/\/stories.laignelet.ovh\/index.php\/category\/routines-parfumes\/\" style=\"border-style:none;border-width:0px;border-radius:10px;background-color:#f6bda6;font-size:clamp(15.747px, 0.984rem + ((1vw - 3.2px) * 1.006), 24px);\">Routines<\/a><\/div>\n<\/div>\n<\/div>\n\n\n\n<div class=\"wp-block-column is-layout-flow wp-block-column-is-layout-flow\">\n<div class=\"wp-block-buttons is-content-justification-center is-layout-flex wp-container-core-buttons-is-layout-a89b3969 wp-block-buttons-is-layout-flex\">\n<div class=\"wp-block-button has-custom-width wp-block-button__width-75 center\"><a class=\"wp-block-button__link has-kenta-base-color has-kenta-base-300-background-color has-text-color has-background has-link-color has-text-align-center has-custom-font-size wp-element-button\" href=\"https:\/\/stories.laignelet.ovh\/index.php\/category\/idee-cadeau\/\" style=\"border-style:none;border-width:0px;border-radius:10px;font-size:clamp(15.747px, 0.984rem + ((1vw - 3.2px) * 1.006), 24px);\">Cadeaux<\/a><\/div>\n<\/div>\n<\/div>\n<\/div>\n<\/div><\/div>\n\n\n\n<div class=\"wp-block-kenta-blocks-query kb-query kb-query-eb3fde04\"><div class=\"kb-posts-grid not-prose kb-posts-grid-75bee4d2 wp-block-kenta-blocks-posts-grid\"><div class=\"kb-card-wrapper\"><article data-card-layout=\"kb-archive-grid\" class=\"kb-card post-74 post type-post status-publish format-standard has-post-thumbnail hentry category-routines-parfumes\"><div class=\"kb-card-item-content\">\n\n<div class=\"wp-block-kenta-blocks-row kb-row-736954f4 kb-row\"><div class=\"kb-row-inner-container\"><figure class=\"kb-post-featured-image kb-post-featured-image-b410fae5 wp-block-kenta-blocks-post-featured-image\"><a href=\"https:\/\/stories.laignelet.ovh\/index.php\/2025\/04\/16\/en-ete-ma-peau-respire-mon-parfum-aussi\/\" target=\"_self\"><img loading=\"lazy\" decoding=\"async\" width=\"300\" height=\"168\" src=\"https:\/\/stories.laignelet.ovh\/wp-content\/uploads\/2025\/04\/AdobeStock_1092448602_Preview-300x168.jpeg\" class=\"attachment-medium size-medium wp-post-image\" alt=\"\" \/><\/a><\/figure>\n\n\n<div class=\"wp-block-kenta-blocks-group kb-group-9a0f88fe kb-group\"><div class=\"kb-group-inner-container\"><div class=\"kb-post-taxonomy kb-post-taxonomy-category kb-post-taxonomy-e9754558 wp-block-kenta-blocks-post-taxonomy\" data-tax-type=\"badge\"><a href=\"https:\/\/stories.laignelet.ovh\/index.php\/category\/routines-parfumes\/\" rel=\"tag\">Routines<\/a><\/div>\n\n<div class=\"kb-post-title kb-post-title-h2 kb-post-title-22abcc98 wp-block-kenta-blocks-post-title\"><h2><a href=\"https:\/\/stories.laignelet.ovh\/index.php\/2025\/04\/16\/en-ete-ma-peau-respire-mon-parfum-aussi\/\" target=\"_self\">En \u00e9t\u00e9, ma peau respire. Mon parfum aussi.<\/a><\/h2><\/div>\n\n<div class=\"kb-post-excerpt kb-post-excerpt-8430d5e6 wp-block-kenta-blocks-post-excerpt\"><p>Quand les temp\u00e9ratures grimpent, j\u2019ai besoin de fra\u00eecheur, de l\u00e9g\u00e8ret\u00e9, et de petits gestes bien choisis.Pas question d\u2019abandonner&#8230;<\/p><\/div><\/div><\/div>\n<\/div><\/div>\n\n<\/div><\/article><\/div><div class=\"kb-card-wrapper\"><article data-card-layout=\"kb-archive-grid\" class=\"kb-card post-70 post type-post status-publish format-standard has-post-thumbnail hentry category-idee-cadeau\"><div class=\"kb-card-item-content\">\n\n<div class=\"wp-block-kenta-blocks-row kb-row-736954f4 kb-row\"><div class=\"kb-row-inner-container\"><figure class=\"kb-post-featured-image kb-post-featured-image-b410fae5 wp-block-kenta-blocks-post-featured-image\"><a href=\"https:\/\/stories.laignelet.ovh\/index.php\/2025\/04\/16\/parce-que-faire-plaisir-a-ses-enfants-cest-aussi-leur-transmettre-le-gout-du-beau-et-du-bon\/\" target=\"_self\"><img loading=\"lazy\" decoding=\"async\" width=\"300\" height=\"200\" src=\"https:\/\/stories.laignelet.ovh\/wp-content\/uploads\/2025\/04\/AdobeStock_1248963554_Preview-300x200.jpeg\" class=\"attachment-medium size-medium wp-post-image\" alt=\"\" \/><\/a><\/figure>\n\n\n<div class=\"wp-block-kenta-blocks-group kb-group-9a0f88fe kb-group\"><div class=\"kb-group-inner-container\"><div class=\"kb-post-taxonomy kb-post-taxonomy-category kb-post-taxonomy-e9754558 wp-block-kenta-blocks-post-taxonomy\" data-tax-type=\"badge\"><a href=\"https:\/\/stories.laignelet.ovh\/index.php\/category\/idee-cadeau\/\" rel=\"tag\">Cadeaux<\/a><\/div>\n\n<div class=\"kb-post-title kb-post-title-h2 kb-post-title-22abcc98 wp-block-kenta-blocks-post-title\"><h2><a href=\"https:\/\/stories.laignelet.ovh\/index.php\/2025\/04\/16\/parce-que-faire-plaisir-a-ses-enfants-cest-aussi-leur-transmettre-le-gout-du-beau-et-du-bon\/\" target=\"_self\">Parce que faire plaisir \u00e0 ses enfants, c\u2019est aussi leur transmettre le go\u00fbt du beau (et du bon)<\/a><\/h2><\/div>\n\n<div class=\"kb-post-excerpt kb-post-excerpt-8430d5e6 wp-block-kenta-blocks-post-excerpt\"><p>Ils grandissent vite, ils posent mille questions, et ils m\u00e9ritent des attentions \u00e0 la hauteur. Offrir un parfum&#8230;<\/p><\/div><\/div><\/div>\n<\/div><\/div>\n\n<\/div><\/article><\/div><div class=\"kb-card-wrapper\"><article data-card-layout=\"kb-archive-grid\" class=\"kb-card post-60 post type-post status-publish format-standard has-post-thumbnail hentry category-portraits-parfumes\"><div class=\"kb-card-item-content\">\n\n<div class=\"wp-block-kenta-blocks-row kb-row-736954f4 kb-row\"><div class=\"kb-row-inner-container\"><figure class=\"kb-post-featured-image kb-post-featured-image-b410fae5 wp-block-kenta-blocks-post-featured-image\"><a href=\"https:\/\/stories.laignelet.ovh\/index.php\/2025\/04\/16\/tu-vis-a-100-a-lheure-ton-parfum-aussi-doit-suivre-le-rythme\/\" target=\"_self\"><img loading=\"lazy\" decoding=\"async\" width=\"300\" height=\"300\" src=\"https:\/\/stories.laignelet.ovh\/wp-content\/uploads\/2025\/04\/chill-300x300.jpg\" class=\"attachment-medium size-medium wp-post-image\" alt=\"\" \/><\/a><\/figure>\n\n\n<div class=\"wp-block-kenta-blocks-group kb-group-9a0f88fe kb-group\"><div class=\"kb-group-inner-container\"><div class=\"kb-post-taxonomy kb-post-taxonomy-category kb-post-taxonomy-e9754558 wp-block-kenta-blocks-post-taxonomy\" data-tax-type=\"badge\"><a href=\"https:\/\/stories.laignelet.ovh\/index.php\/category\/portraits-parfumes\/\" rel=\"tag\">Portraits<\/a><\/div>\n\n<div class=\"kb-post-title kb-post-title-h2 kb-post-title-22abcc98 wp-block-kenta-blocks-post-title\"><h2><a href=\"https:\/\/stories.laignelet.ovh\/index.php\/2025\/04\/16\/tu-vis-a-100-a-lheure-ton-parfum-aussi-doit-suivre-le-rythme\/\" target=\"_self\">Tu vis \u00e0 100 \u00e0 l\u2019heure ? Ton parfum aussi doit suivre le rythme.<\/a><\/h2><\/div>\n\n<div class=\"kb-post-excerpt kb-post-excerpt-8430d5e6 wp-block-kenta-blocks-post-excerpt\"><p>Entre deux r\u00e9unions, une s\u00e9ance de sport et une soir\u00e9e entre amis, tu n\u2019as pas le temps de&#8230;<\/p><\/div><\/div><\/div>\n<\/div><\/div>\n\n<\/div><\/article><\/div><\/div><\/div>\n\n\n\n<div class=\"wp-block-kenta-blocks-cover alignfull kb-cover-bf3b0388 kb-cover\"><div class=\"kb-cover-inner-container\">\n<h2 class=\"wp-block-heading alignfull has-text-align-center has-kenta-base-color has-text-color has-link-color wp-elements-99183a2a534eddea36f41ff10989161a\">Quel parfum vous ressemble ?<\/h2>\n\n\n\n<div style=\"height:20px\" aria-hidden=\"true\" class=\"wp-block-spacer\"><\/div>\n\n\n\n<p class=\"has-text-align-center has-kenta-base-color has-text-color has-link-color wp-elements-84d02f9d540f812a6917fe5897b37038\">Et si votre parfum vous connaissait mieux que vous-m\u00eame ?<\/p>\n\n\n\n<p class=\"has-text-align-center has-kenta-base-color has-text-color has-link-color wp-elements-c860af344876b85c6bf61b0670ae14a4\">R\u00e9pondez \u00e0 quelques questions simples, et laissez-nous deviner votre sillage id\u00e9al. Une exp\u00e9rience sensorielle, rapide, et (presque) magique.<\/p>\n\n\n\n<p class=\"has-text-align-center has-kenta-base-color has-text-color has-link-color wp-elements-de6e428744c894a3484903265af91296\">\u00c0 faire dans un moment calme\u2026 ou entre deux stories Insta.<\/p>\n\n\n\n<div style=\"height:40px\" aria-hidden=\"true\" class=\"wp-block-spacer\"><\/div>\n\n\n\n<div class=\"wp-block-buttons is-content-justification-center is-layout-flex wp-container-core-buttons-is-layout-a89b3969 wp-block-buttons-is-layout-flex\">\n<div class=\"wp-block-button has-custom-width wp-block-button__width-50\"><a class=\"wp-block-button__link has-kenta-base-color has-kenta-primary-active-background-color has-text-color has-background has-link-color has-text-align-center has-custom-font-size wp-element-button\" style=\"border-style:none;border-width:0px;border-radius:10px;font-size:clamp(15.747px, 0.984rem + ((1vw - 3.2px) * 1.006), 24px);\">Trouver mon parfum<\/a><\/div>\n<\/div>\n<\/div><\/div>\n\n\n\n<div class=\"wp-block-kenta-blocks-cover alignfull kb-cover-62314527 kb-cover\"><div class=\"kb-cover-inner-container\">\n<div class=\"wp-block-kenta-blocks-slides kb-slides-fcf4e42c kb-slides\"><button class=\"kb-slides-prev-arrow kb-slides-arrow\" id=\"kb-slides-prev-fcf4e42c\"><i class=\"fas fa-chevron-left\"><\/i><\/button><div class=\"kb-slides-inner-container\">\n<div class=\"wp-block-kenta-blocks-slide-item kb-slide-item-4f6376cd kb-slide-item\"><div class=\"kb-slide-item-inner-container\">\n<h3 class=\"wp-block-heading has-text-align-center\">Tu vis \u00e0 100 \u00e0 l&rsquo;heure ?<\/h3>\n\n\n\n<figure class=\"wp-block-image aligncenter size-full\"><img loading=\"lazy\" decoding=\"async\" width=\"650\" height=\"650\" src=\"http:\/\/stories.laignelet.ovh\/wp-content\/uploads\/2025\/04\/chill.jpg\" alt=\"\" class=\"wp-image-64\" style=\"aspect-ratio:1;object-fit:contain\" srcset=\"https:\/\/stories.laignelet.ovh\/wp-content\/uploads\/2025\/04\/chill.jpg 650w, https:\/\/stories.laignelet.ovh\/wp-content\/uploads\/2025\/04\/chill-300x300.jpg 300w, https:\/\/stories.laignelet.ovh\/wp-content\/uploads\/2025\/04\/chill-150x150.jpg 150w\" sizes=\"auto, (max-width: 650px) 100vw, 650px\" \/><\/figure>\n\n\n\n<p class=\"has-text-align-center\">Entre deux r\u00e9unions, une s\u00e9ance de sport et une soir\u00e9e entre amis&#8230;<\/p>\n\n\n\n<div class=\"wp-block-buttons is-content-justification-center is-layout-flex wp-container-core-buttons-is-layout-a89b3969 wp-block-buttons-is-layout-flex\">\n<div class=\"wp-block-button\"><a class=\"wp-block-button__link has-background wp-element-button\" style=\"border-style:none;border-width:0px;border-radius:10px;background-color:#f6bda6\">D\u00e9couvrir<\/a><\/div>\n<\/div>\n<\/div><\/div>\n\n\n\n<div class=\"wp-block-kenta-blocks-slide-item kb-slide-item-5f28594d kb-slide-item\"><div class=\"kb-slide-item-inner-container\">\n<h3 class=\"wp-block-heading has-text-align-center\">En \u00e9t\u00e9 ma peau respire.<\/h3>\n\n\n\n<figure class=\"wp-block-image aligncenter size-full\"><img loading=\"lazy\" decoding=\"async\" width=\"560\" height=\"560\" src=\"http:\/\/stories.laignelet.ovh\/wp-content\/uploads\/2025\/04\/routine.jpg\" alt=\"\" class=\"wp-image-175\" style=\"aspect-ratio:1;object-fit:contain\" srcset=\"https:\/\/stories.laignelet.ovh\/wp-content\/uploads\/2025\/04\/routine.jpg 560w, https:\/\/stories.laignelet.ovh\/wp-content\/uploads\/2025\/04\/routine-300x300.jpg 300w, https:\/\/stories.laignelet.ovh\/wp-content\/uploads\/2025\/04\/routine-150x150.jpg 150w\" sizes=\"auto, (max-width: 560px) 100vw, 560px\" \/><\/figure>\n\n\n\n<p class=\"has-text-align-center has-kenta-accent-color has-text-color has-link-color wp-elements-e75208453e4422093cd4b63cf40a0d77\">Quand les temp\u00e9ratures grimpent, j\u2019ai besoin de fra\u00eecheur, de l\u00e9g\u00e8ret\u00e9,&#8230;<\/p>\n\n\n\n<div class=\"wp-block-buttons is-content-justification-center is-layout-flex wp-container-core-buttons-is-layout-a89b3969 wp-block-buttons-is-layout-flex\">\n<div class=\"wp-block-button\"><a class=\"wp-block-button__link has-background wp-element-button\" style=\"border-style:none;border-width:0px;border-radius:10px;background-color:#f6bda6\">D\u00e9couvrir<\/a><\/div>\n<\/div>\n<\/div><\/div>\n\n\n\n<div class=\"wp-block-kenta-blocks-slide-item kb-slide-item-244fc132 kb-slide-item\"><div class=\"kb-slide-item-inner-container\">\n<h3 class=\"wp-block-heading has-text-align-center\">Parce que faire plaisir &#8230;<\/h3>\n\n\n\n<figure class=\"wp-block-image size-full\"><img loading=\"lazy\" decoding=\"async\" width=\"667\" height=\"667\" src=\"https:\/\/stories.laignelet.ovh\/wp-content\/uploads\/2025\/04\/enfants.jpg\" alt=\"\" class=\"wp-image-178\" style=\"aspect-ratio:1;object-fit:contain\" srcset=\"https:\/\/stories.laignelet.ovh\/wp-content\/uploads\/2025\/04\/enfants.jpg 667w, https:\/\/stories.laignelet.ovh\/wp-content\/uploads\/2025\/04\/enfants-300x300.jpg 300w, https:\/\/stories.laignelet.ovh\/wp-content\/uploads\/2025\/04\/enfants-150x150.jpg 150w\" sizes=\"auto, (max-width: 667px) 100vw, 667px\" \/><\/figure>\n\n\n\n<p class=\"has-kenta-accent-color has-text-color has-link-color wp-elements-bac6bdc4476e4958470b9a228b30b8d0\">Ils grandissent vite, ils posent mille questions, et ils m\u00e9ritent&#8230;<\/p>\n\n\n\n<div class=\"wp-block-buttons is-content-justification-center is-layout-flex wp-container-core-buttons-is-layout-a89b3969 wp-block-buttons-is-layout-flex\">\n<div class=\"wp-block-button\"><a class=\"wp-block-button__link has-background wp-element-button\" style=\"border-style:none;border-width:0px;border-radius:10px;background-color:#f6bda6\">D\u00e9couvrir<\/a><\/div>\n<\/div>\n<\/div><\/div>\n<\/div><button class=\"kb-slides-next-arrow kb-slides-arrow\" id=\"kb-slides-next-fcf4e42c\"><i class=\"fas fa-chevron-right\"><\/i><\/button><div class=\"kb-slides-dots\"><\/div><\/div>\n<\/div><\/div>\n\n\n\n<div class=\"wp-block-kenta-blocks-cover alignfull kb-cover-4ea2c6ff kb-cover\"><div class=\"kb-cover-inner-container\">\n<h2 class=\"wp-block-heading alignfull has-text-align-center has-kenta-accent-color has-text-color has-link-color wp-elements-c821effc28f35a74796c7794183c5544\">Recevez vos histoires parfum\u00e9es<\/h2>\n\n\n\n<div style=\"height:20px\" aria-hidden=\"true\" class=\"wp-block-spacer\"><\/div>\n\n\n\n<p class=\"has-text-align-center has-kenta-accent-color has-text-color has-link-color wp-elements-dbd9ac91b5c6ef1642d1a277fb8c7248\"><strong>Le meilleur d\u2019Adopt\u2019 Stories dans votre bo\u00eete mail :<\/strong><\/p>\n\n\n\n<p class=\"has-text-align-center has-kenta-accent-color has-text-color has-link-color wp-elements-2259c60dc5e10f79b20fb61ba601858d\"><strong>Inspirations parfum\u00e9es, portraits sensoriels et contenus exclusifs.<\/strong><\/p>\n\n\n\n<div style=\"height:40px\" aria-hidden=\"true\" class=\"wp-block-spacer\"><\/div>\n\n\n<div class=\"wp-block-jetpack-subscriptions__supports-newline is-style-compact wp-block-jetpack-subscriptions\">\n\t\t<div>\n\t\t\t<div>\n\t\t\t\t<div>\n\t\t\t\t\t<p >\n\t\t\t\t\t\t<a href=\"https:\/\/stories.laignelet.ovh\/?post_type=page&#038;p=147\" style=\"font-size: 16px;padding: 15px 23px 15px 23px;margin: 0; margin-left: 10px;border-color: kenta-primary;border-radius: 10px;border-width: 1px; background-color: var(--kenta-primary-color); color: var(--kenta-base-color); text-decoration: none; white-space: nowrap; margin-left: 0\">Abonnez-vous<\/a>\n\t\t\t\t\t<\/p>\n\t\t\t\t<\/div>\n\t\t\t<\/div>\n\t\t<\/div>\n\t<\/div>\n\n\n<div class=\"wp-block-buttons is-content-justification-center is-layout-flex wp-container-core-buttons-is-layout-a89b3969 wp-block-buttons-is-layout-flex\"><\/div>\n\n\n\n<div style=\"height:20px\" aria-hidden=\"true\" class=\"wp-block-spacer\"><\/div>\n\n\n\n<p class=\"has-text-align-center has-kenta-accent-color has-text-color has-link-color wp-elements-5fd4a4b2115cfd8b8e71f928a7e1f6b7\" style=\"font-size:12px\">Vous pouvez vous d\u00e9sinscrire \u00e0 tout moment.<br>Vos donn\u00e9es ne seront jamais partag\u00e9es.<\/p>\n<\/div><\/div>\n\n\n\n<p><\/p>\n","protected":false},"excerpt":{"rendered":"","protected":false},"author":1,"featured_media":0,"parent":0,"menu_order":0,"comment_status":"closed","ping_status":"closed","template":"","meta":{"site-container-style":"default","site-container-layout":"normal","site-sidebar-layout":"no-sidebar","site-transparent-header":"enable","disable-article-header":"yes","disable-site-header":"default","disable-site-footer":"default","disable-content-area-spacing":"yes","jetpack_post_was_ever_published":false,"footnotes":""},"class_list":["post-147","page","type-page","status-publish","hentry"],"yoast_head":"<!-- This site is optimized with the Yoast SEO plugin v26.3 - https:\/\/yoast.com\/wordpress\/plugins\/seo\/ -->\n<title>Home - AdpotStories<\/title>\n<meta name=\"robots\" content=\"noindex, follow, max-snippet:-1, max-image-preview:large, max-video-preview:-1\" \/>\n<meta property=\"og:locale\" content=\"fr_FR\" \/>\n<meta property=\"og:type\" content=\"article\" \/>\n<meta property=\"og:title\" content=\"Home - AdpotStories\" \/>\n<meta property=\"og:url\" content=\"https:\/\/stories.laignelet.ovh\/\" \/>\n<meta property=\"og:site_name\" content=\"AdpotStories\" \/>\n<meta property=\"article:modified_time\" content=\"2025-04-17T10:14:18+00:00\" \/>\n<meta property=\"og:image\" content=\"http:\/\/stories.laignelet.ovh\/wp-content\/uploads\/2025\/04\/chill.jpg\" \/>\n<meta name=\"twitter:card\" content=\"summary_large_image\" \/>\n<meta name=\"twitter:label1\" content=\"Dur\u00e9e de lecture estim\u00e9e\" \/>\n\t<meta name=\"twitter:data1\" content=\"2 minutes\" \/>\n<script type=\"application\/ld+json\" class=\"yoast-schema-graph\">{\"@context\":\"https:\/\/schema.org\",\"@graph\":[{\"@type\":\"WebPage\",\"@id\":\"https:\/\/stories.laignelet.ovh\/\",\"url\":\"https:\/\/stories.laignelet.ovh\/\",\"name\":\"Home - AdpotStories\",\"isPartOf\":{\"@id\":\"https:\/\/stories.laignelet.ovh\/#website\"},\"primaryImageOfPage\":{\"@id\":\"https:\/\/stories.laignelet.ovh\/#primaryimage\"},\"image\":{\"@id\":\"https:\/\/stories.laignelet.ovh\/#primaryimage\"},\"thumbnailUrl\":\"http:\/\/stories.laignelet.ovh\/wp-content\/uploads\/2025\/04\/chill.jpg\",\"datePublished\":\"2022-11-30T12:24:42+00:00\",\"dateModified\":\"2025-04-17T10:14:18+00:00\",\"breadcrumb\":{\"@id\":\"https:\/\/stories.laignelet.ovh\/#breadcrumb\"},\"inLanguage\":\"fr-FR\",\"potentialAction\":[{\"@type\":\"ReadAction\",\"target\":[\"https:\/\/stories.laignelet.ovh\/\"]}]},{\"@type\":\"ImageObject\",\"inLanguage\":\"fr-FR\",\"@id\":\"https:\/\/stories.laignelet.ovh\/#primaryimage\",\"url\":\"https:\/\/stories.laignelet.ovh\/wp-content\/uploads\/2025\/04\/chill.jpg\",\"contentUrl\":\"https:\/\/stories.laignelet.ovh\/wp-content\/uploads\/2025\/04\/chill.jpg\",\"width\":650,\"height\":650},{\"@type\":\"BreadcrumbList\",\"@id\":\"https:\/\/stories.laignelet.ovh\/#breadcrumb\",\"itemListElement\":[{\"@type\":\"ListItem\",\"position\":1,\"name\":\"Accueil\",\"item\":\"https:\/\/stories.laignelet.ovh\/\"},{\"@type\":\"ListItem\",\"position\":2,\"name\":\"Home\"}]},{\"@type\":\"WebSite\",\"@id\":\"https:\/\/stories.laignelet.ovh\/#website\",\"url\":\"https:\/\/stories.laignelet.ovh\/\",\"name\":\"AdpotStories\",\"description\":\"\",\"publisher\":{\"@id\":\"https:\/\/stories.laignelet.ovh\/#organization\"},\"potentialAction\":[{\"@type\":\"SearchAction\",\"target\":{\"@type\":\"EntryPoint\",\"urlTemplate\":\"https:\/\/stories.laignelet.ovh\/?s={search_term_string}\"},\"query-input\":{\"@type\":\"PropertyValueSpecification\",\"valueRequired\":true,\"valueName\":\"search_term_string\"}}],\"inLanguage\":\"fr-FR\"},{\"@type\":\"Organization\",\"@id\":\"https:\/\/stories.laignelet.ovh\/#organization\",\"name\":\"AdpotStories\",\"url\":\"https:\/\/stories.laignelet.ovh\/\",\"logo\":{\"@type\":\"ImageObject\",\"inLanguage\":\"fr-FR\",\"@id\":\"https:\/\/stories.laignelet.ovh\/#\/schema\/logo\/image\/\",\"url\":\"https:\/\/stories.laignelet.ovh\/wp-content\/uploads\/2025\/04\/logo-AdoptStoriesrecadre.png\",\"contentUrl\":\"https:\/\/stories.laignelet.ovh\/wp-content\/uploads\/2025\/04\/logo-AdoptStoriesrecadre.png\",\"width\":914,\"height\":513,\"caption\":\"AdpotStories\"},\"image\":{\"@id\":\"https:\/\/stories.laignelet.ovh\/#\/schema\/logo\/image\/\"}}]}<\/script>\n<!-- \/ Yoast SEO plugin. -->","yoast_head_json":{"title":"Home - AdpotStories","robots":{"index":"noindex","follow":"follow","max-snippet":"max-snippet:-1","max-image-preview":"max-image-preview:large","max-video-preview":"max-video-preview:-1"},"og_locale":"fr_FR","og_type":"article","og_title":"Home - AdpotStories","og_url":"https:\/\/stories.laignelet.ovh\/","og_site_name":"AdpotStories","article_modified_time":"2025-04-17T10:14:18+00:00","og_image":[{"url":"http:\/\/stories.laignelet.ovh\/wp-content\/uploads\/2025\/04\/chill.jpg","type":"","width":"","height":""}],"twitter_card":"summary_large_image","twitter_misc":{"Dur\u00e9e de lecture estim\u00e9e":"2 minutes"},"schema":{"@context":"https:\/\/schema.org","@graph":[{"@type":"WebPage","@id":"https:\/\/stories.laignelet.ovh\/","url":"https:\/\/stories.laignelet.ovh\/","name":"Home - AdpotStories","isPartOf":{"@id":"https:\/\/stories.laignelet.ovh\/#website"},"primaryImageOfPage":{"@id":"https:\/\/stories.laignelet.ovh\/#primaryimage"},"image":{"@id":"https:\/\/stories.laignelet.ovh\/#primaryimage"},"thumbnailUrl":"http:\/\/stories.laignelet.ovh\/wp-content\/uploads\/2025\/04\/chill.jpg","datePublished":"2022-11-30T12:24:42+00:00","dateModified":"2025-04-17T10:14:18+00:00","breadcrumb":{"@id":"https:\/\/stories.laignelet.ovh\/#breadcrumb"},"inLanguage":"fr-FR","potentialAction":[{"@type":"ReadAction","target":["https:\/\/stories.laignelet.ovh\/"]}]},{"@type":"ImageObject","inLanguage":"fr-FR","@id":"https:\/\/stories.laignelet.ovh\/#primaryimage","url":"https:\/\/stories.laignelet.ovh\/wp-content\/uploads\/2025\/04\/chill.jpg","contentUrl":"https:\/\/stories.laignelet.ovh\/wp-content\/uploads\/2025\/04\/chill.jpg","width":650,"height":650},{"@type":"BreadcrumbList","@id":"https:\/\/stories.laignelet.ovh\/#breadcrumb","itemListElement":[{"@type":"ListItem","position":1,"name":"Accueil","item":"https:\/\/stories.laignelet.ovh\/"},{"@type":"ListItem","position":2,"name":"Home"}]},{"@type":"WebSite","@id":"https:\/\/stories.laignelet.ovh\/#website","url":"https:\/\/stories.laignelet.ovh\/","name":"AdpotStories","description":"","publisher":{"@id":"https:\/\/stories.laignelet.ovh\/#organization"},"potentialAction":[{"@type":"SearchAction","target":{"@type":"EntryPoint","urlTemplate":"https:\/\/stories.laignelet.ovh\/?s={search_term_string}"},"query-input":{"@type":"PropertyValueSpecification","valueRequired":true,"valueName":"search_term_string"}}],"inLanguage":"fr-FR"},{"@type":"Organization","@id":"https:\/\/stories.laignelet.ovh\/#organization","name":"AdpotStories","url":"https:\/\/stories.laignelet.ovh\/","logo":{"@type":"ImageObject","inLanguage":"fr-FR","@id":"https:\/\/stories.laignelet.ovh\/#\/schema\/logo\/image\/","url":"https:\/\/stories.laignelet.ovh\/wp-content\/uploads\/2025\/04\/logo-AdoptStoriesrecadre.png","contentUrl":"https:\/\/stories.laignelet.ovh\/wp-content\/uploads\/2025\/04\/logo-AdoptStoriesrecadre.png","width":914,"height":513,"caption":"AdpotStories"},"image":{"@id":"https:\/\/stories.laignelet.ovh\/#\/schema\/logo\/image\/"}}]}},"jetpack_sharing_enabled":true,"_links":{"self":[{"href":"https:\/\/stories.laignelet.ovh\/index.php\/wp-json\/wp\/v2\/pages\/147","targetHints":{"allow":["GET"]}}],"collection":[{"href":"https:\/\/stories.laignelet.ovh\/index.php\/wp-json\/wp\/v2\/pages"}],"about":[{"href":"https:\/\/stories.laignelet.ovh\/index.php\/wp-json\/wp\/v2\/types\/page"}],"author":[{"embeddable":true,"href":"https:\/\/stories.laignelet.ovh\/index.php\/wp-json\/wp\/v2\/users\/1"}],"replies":[{"embeddable":true,"href":"https:\/\/stories.laignelet.ovh\/index.php\/wp-json\/wp\/v2\/comments?post=147"}],"version-history":[{"count":18,"href":"https:\/\/stories.laignelet.ovh\/index.php\/wp-json\/wp\/v2\/pages\/147\/revisions"}],"predecessor-version":[{"id":307,"href":"https:\/\/stories.laignelet.ovh\/index.php\/wp-json\/wp\/v2\/pages\/147\/revisions\/307"}],"wp:attachment":[{"href":"https:\/\/stories.laignelet.ovh\/index.php\/wp-json\/wp\/v2\/media?parent=147"}],"curies":[{"name":"wp","href":"https:\/\/api.w.org\/{rel}","templated":true}]}}